{"id":10,"date":"2016-11-04T09:49:36","date_gmt":"2016-11-04T08:49:36","guid":{"rendered":"http:\/\/massidesign.kungfugraphics.com\/?page_id=10"},"modified":"2022-02-21T09:52:00","modified_gmt":"2022-02-21T08:52:00","slug":"projekte","status":"publish","type":"page","link":"https:\/\/massi.at\/?page_id=10","title":{"rendered":"Projekte"},"content":{"rendered":"<div id=\"cs-content\" class=\"cs-content\"><\/div>\n","protected":false},"excerpt":{"rendered":"","protected":false},"author":1,"featured_media":0,"parent":0,"menu_order":0,"comment_status":"closed","ping_status":"closed","template":"template-blank-4.php","meta":{"pgc_sgb_lightbox_settings":"","footnotes":""},"class_list":["post-10","page","type-page","status-publish","hentry","no-post-thumbnail"],"yoast_head":"<!-- This site is optimized with the Yoast SEO plugin v27.3 - https:\/\/yoast.com\/product\/yoast-seo-wordpress\/ -->\n<title>Exklusive M\u00f6bel, B\u00e4der, Architektur f\u00fcr Innen und Aussen<\/title>\n<meta name=\"description\" content=\"Hochwertige M\u00f6bel von den Herstellern: Flexform, Extremis, Agape, Freifrau, Ingo Maurer, Kettal, Montis, Roda, Kenkoon, Atelier Vierkant.\" \/>\n<meta name=\"robots\" content=\"index, follow, max-snippet:-1, max-image-preview:large, max-video-preview:-1\" \/>\n<link rel=\"canonical\" href=\"https:\/\/massi.at\/?page_id=10\" \/>\n<meta property=\"og:locale\" content=\"de_DE\" \/>\n<meta property=\"og:type\" content=\"article\" \/>\n<meta property=\"og:title\" content=\"Exklusive M\u00f6bel, B\u00e4der, Architektur f\u00fcr Innen und Aussen\" \/>\n<meta property=\"og:description\" content=\"Hochwertige M\u00f6bel von den Herstellern: Flexform, Extremis, Agape, Freifrau, Ingo Maurer, Kettal, Montis, Roda, Kenkoon, Atelier Vierkant.\" \/>\n<meta property=\"og:url\" content=\"https:\/\/massi.at\/?page_id=10\" \/>\n<meta property=\"og:site_name\" content=\"massi\" \/>\n<meta property=\"article:modified_time\" content=\"2022-02-21T08:52:00+00:00\" \/>\n<meta name=\"twitter:card\" content=\"summary_large_image\" \/>\n<meta name=\"twitter:label1\" content=\"Gesch\u00e4tzte Lesezeit\" \/>\n\t<meta name=\"twitter:data1\" content=\"1\u00a0Minute\" \/>\n<script type=\"application\/ld+json\" class=\"yoast-schema-graph\">{\"@context\":\"https:\\\/\\\/schema.org\",\"@graph\":[{\"@type\":\"WebPage\",\"@id\":\"https:\\\/\\\/massi.at\\\/?page_id=10\",\"url\":\"https:\\\/\\\/massi.at\\\/?page_id=10\",\"name\":\"Exklusive M\u00f6bel, B\u00e4der, Architektur f\u00fcr Innen und Aussen\",\"isPartOf\":{\"@id\":\"https:\\\/\\\/massi.at\\\/#website\"},\"datePublished\":\"2016-11-04T08:49:36+00:00\",\"dateModified\":\"2022-02-21T08:52:00+00:00\",\"description\":\"Hochwertige M\u00f6bel von den Herstellern: Flexform, Extremis, Agape, Freifrau, Ingo Maurer, Kettal, Montis, Roda, Kenkoon, Atelier Vierkant.\",\"breadcrumb\":{\"@id\":\"https:\\\/\\\/massi.at\\\/?page_id=10#breadcrumb\"},\"inLanguage\":\"de\",\"potentialAction\":[{\"@type\":\"ReadAction\",\"target\":[\"https:\\\/\\\/massi.at\\\/?page_id=10\"]}]},{\"@type\":\"BreadcrumbList\",\"@id\":\"https:\\\/\\\/massi.at\\\/?page_id=10#breadcrumb\",\"itemListElement\":[{\"@type\":\"ListItem\",\"position\":1,\"name\":\"Startseite\",\"item\":\"https:\\\/\\\/massi.at\\\/\"},{\"@type\":\"ListItem\",\"position\":2,\"name\":\"Projekte\"}]},{\"@type\":\"WebSite\",\"@id\":\"https:\\\/\\\/massi.at\\\/#website\",\"url\":\"https:\\\/\\\/massi.at\\\/\",\"name\":\"massi\",\"description\":\"Design und Architektur\",\"potentialAction\":[{\"@type\":\"SearchAction\",\"target\":{\"@type\":\"EntryPoint\",\"urlTemplate\":\"https:\\\/\\\/massi.at\\\/?s={search_term_string}\"},\"query-input\":{\"@type\":\"PropertyValueSpecification\",\"valueRequired\":true,\"valueName\":\"search_term_string\"}}],\"inLanguage\":\"de\"}]}<\/script>\n<!-- \/ Yoast SEO plugin. -->","yoast_head_json":{"title":"Exklusive M\u00f6bel, B\u00e4der, Architektur f\u00fcr Innen und Aussen","description":"Hochwertige M\u00f6bel von den Herstellern: Flexform, Extremis, Agape, Freifrau, Ingo Maurer, Kettal, Montis, Roda, Kenkoon, Atelier Vierkant.","robots":{"index":"index","follow":"follow","max-snippet":"max-snippet:-1","max-image-preview":"max-image-preview:large","max-video-preview":"max-video-preview:-1"},"canonical":"https:\/\/massi.at\/?page_id=10","og_locale":"de_DE","og_type":"article","og_title":"Exklusive M\u00f6bel, B\u00e4der, Architektur f\u00fcr Innen und Aussen","og_description":"Hochwertige M\u00f6bel von den Herstellern: Flexform, Extremis, Agape, Freifrau, Ingo Maurer, Kettal, Montis, Roda, Kenkoon, Atelier Vierkant.","og_url":"https:\/\/massi.at\/?page_id=10","og_site_name":"massi","article_modified_time":"2022-02-21T08:52:00+00:00","twitter_card":"summary_large_image","twitter_misc":{"Gesch\u00e4tzte Lesezeit":"1\u00a0Minute"},"schema":{"@context":"https:\/\/schema.org","@graph":[{"@type":"WebPage","@id":"https:\/\/massi.at\/?page_id=10","url":"https:\/\/massi.at\/?page_id=10","name":"Exklusive M\u00f6bel, B\u00e4der, Architektur f\u00fcr Innen und Aussen","isPartOf":{"@id":"https:\/\/massi.at\/#website"},"datePublished":"2016-11-04T08:49:36+00:00","dateModified":"2022-02-21T08:52:00+00:00","description":"Hochwertige M\u00f6bel von den Herstellern: Flexform, Extremis, Agape, Freifrau, Ingo Maurer, Kettal, Montis, Roda, Kenkoon, Atelier Vierkant.","breadcrumb":{"@id":"https:\/\/massi.at\/?page_id=10#breadcrumb"},"inLanguage":"de","potentialAction":[{"@type":"ReadAction","target":["https:\/\/massi.at\/?page_id=10"]}]},{"@type":"BreadcrumbList","@id":"https:\/\/massi.at\/?page_id=10#breadcrumb","itemListElement":[{"@type":"ListItem","position":1,"name":"Startseite","item":"https:\/\/massi.at\/"},{"@type":"ListItem","position":2,"name":"Projekte"}]},{"@type":"WebSite","@id":"https:\/\/massi.at\/#website","url":"https:\/\/massi.at\/","name":"massi","description":"Design und Architektur","potentialAction":[{"@type":"SearchAction","target":{"@type":"EntryPoint","urlTemplate":"https:\/\/massi.at\/?s={search_term_string}"},"query-input":{"@type":"PropertyValueSpecification","valueRequired":true,"valueName":"search_term_string"}}],"inLanguage":"de"}]}},"_links":{"self":[{"href":"https:\/\/massi.at\/index.php?rest_route=\/wp\/v2\/pages\/10","targetHints":{"allow":["GET"]}}],"collection":[{"href":"https:\/\/massi.at\/index.php?rest_route=\/wp\/v2\/pages"}],"about":[{"href":"https:\/\/massi.at\/index.php?rest_route=\/wp\/v2\/types\/page"}],"author":[{"embeddable":true,"href":"https:\/\/massi.at\/index.php?rest_route=\/wp\/v2\/users\/1"}],"replies":[{"embeddable":true,"href":"https:\/\/massi.at\/index.php?rest_route=%2Fwp%2Fv2%2Fcomments&post=10"}],"version-history":[{"count":12,"href":"https:\/\/massi.at\/index.php?rest_route=\/wp\/v2\/pages\/10\/revisions"}],"predecessor-version":[{"id":392,"href":"https:\/\/massi.at\/index.php?rest_route=\/wp\/v2\/pages\/10\/revisions\/392"}],"wp:attachment":[{"href":"https:\/\/massi.at\/index.php?rest_route=%2Fwp%2Fv2%2Fmedia&parent=10"}],"curies":[{"name":"wp","href":"https:\/\/api.w.org\/{rel}","templated":true}]}}